{"id":3791,"date":"2025-03-18T14:46:04","date_gmt":"2025-03-18T13:46:04","guid":{"rendered":"https:\/\/liamehm.com\/biografie\/"},"modified":"2025-09-24T15:34:29","modified_gmt":"2025-09-24T13:34:29","slug":"ueber","status":"publish","type":"page","link":"https:\/\/liamehm.com\/de\/ueber\/","title":{"rendered":"\u00dcber Liam"},"content":{"rendered":"\t\t<div data-elementor-type=\"wp-page\" data-elementor-id=\"3791\" class=\"elementor elementor-3791 elementor-1610\" data-elementor-post-type=\"page\">\n\t\t\t\t<main class=\"elementor-element elementor-element-136f856 e-flex e-con-boxed e-con e-parent\" data-id=\"136f856\" data-element_type=\"container\" id=\"content\">\n\t\t\t\t\t<div class=\"e-con-inner\">\n\t\t<section class=\"elementor-element elementor-element-81c9973 e-flex e-con-boxed e-con e-child\" data-id=\"81c9973\" data-element_type=\"container\" id=\"hero-section\" data-settings=\"{&quot;background_background&quot;:&quot;slideshow&quot;,&quot;background_slideshow_gallery&quot;:[],&quot;background_slideshow_loop&quot;:&quot;yes&quot;,&quot;background_slideshow_slide_duration&quot;:5000,&quot;background_slideshow_slide_transition&quot;:&quot;fade&quot;,&quot;background_slideshow_transition_duration&quot;:500}\">\n\t\t\t\t\t<div class=\"e-con-inner\">\n\t\t<div class=\"elementor-element elementor-element-eeec1bf e-con-full e-flex e-con e-child\" data-id=\"eeec1bf\" data-element_type=\"container\">\n\t\t\t\t<div class=\"elementor-element elementor-element-5950a5c elementor-widget elementor-widget-video\" data-id=\"5950a5c\" data-element_type=\"widget\" data-settings=\"{&quot;youtube_url&quot;:&quot;https:\\\/\\\/www.youtube.com\\\/watch?v=vsjTVVE8WkU&quot;,&quot;show_image_overlay&quot;:&quot;yes&quot;,&quot;image_overlay&quot;:{&quot;url&quot;:&quot;https:\\\/\\\/liamehm.com\\\/files\\\/images\\\/liam_ehm_live.webp&quot;,&quot;id&quot;:3793,&quot;size&quot;:&quot;&quot;,&quot;alt&quot;:&quot;&quot;,&quot;source&quot;:&quot;library&quot;},&quot;video_type&quot;:&quot;youtube&quot;,&quot;controls&quot;:&quot;yes&quot;}\" data-widget_type=\"video.default\">\n\t\t\t\t\t\t\t<div class=\"elementor-wrapper elementor-open-inline\">\n\t\t\t<div class=\"elementor-video\"><\/div>\t\t\t\t<div class=\"elementor-custom-embed-image-overlay\" style=\"background-image: url(https:\/\/liamehm.com\/files\/images\/liam_ehm_live.webp);\">\n\t\t\t\t\t\t\t\t\t\t\t\t\t\t\t\t<div class=\"elementor-custom-embed-play\" role=\"button\" aria-label=\"Video abspielen\" tabindex=\"0\">\n\t\t\t\t\t\t\t<svg aria-hidden=\"true\" class=\"e-font-icon-svg e-eicon-play\" viewBox=\"0 0 1000 1000\" xmlns=\"http:\/\/www.w3.org\/2000\/svg\"><path d=\"M838 162C746 71 633 25 500 25 371 25 258 71 163 162 71 254 25 367 25 500 25 633 71 746 163 837 254 929 367 979 500 979 633 979 746 933 838 837 929 746 975 633 975 500 975 367 929 254 838 162M808 192C892 279 933 379 933 500 933 621 892 725 808 808 725 892 621 938 500 938 379 938 279 896 196 808 113 725 67 621 67 500 67 379 108 279 196 192 279 108 383 62 500 62 621 62 721 108 808 192M438 392V642L642 517 438 392Z\"><\/path><\/svg>\t\t\t\t\t\t<\/div>\n\t\t\t\t\t\t\t\t\t<\/div>\n\t\t\t\t\t<\/div>\n\t\t\t\t\t\t<\/div>\n\t\t\t\t<\/div>\n\t\t<div class=\"elementor-element elementor-element-99e0fcf e-con-full e-flex e-con e-child\" data-id=\"99e0fcf\" data-element_type=\"container\">\n\t\t\t\t<div class=\"elementor-element elementor-element-68bce30 elementor-widget elementor-widget-heading\" data-id=\"68bce30\" data-element_type=\"widget\" data-widget_type=\"heading.default\">\n\t\t\t\t\t<h1 class=\"elementor-heading-title elementor-size-default\">\u00dcber Liam<\/h1>\t\t\t\t<\/div>\n\t\t\t\t<div class=\"elementor-element elementor-element-8956ade elementor-widget__width-initial elementor-widget elementor-widget-heading\" data-id=\"8956ade\" data-element_type=\"widget\" data-widget_type=\"heading.default\">\n\t\t\t\t\t<h2 class=\"elementor-heading-title elementor-size-default\">Cineastische Gr\u00f6\u00dfe trifft pianistische Intimit\u00e4t.<\/h2>\t\t\t\t<\/div>\n\t\t\t\t<div class=\"elementor-element elementor-element-0cc5764 elementor-widget elementor-widget-text-editor\" data-id=\"0cc5764\" data-element_type=\"widget\" data-widget_type=\"text-editor.default\">\n\t\t\t\t\t\t\t\t\t<p style=\"font-weight: 400;\">Liam Ehm ist ein Pianist und Komponist, der die Gr\u00f6\u00dfe orchestraler Filmmusik nahtlos mit der Intimit\u00e4t eines einfachen Klaviers verbindet. Mit seinem absoluten Geh\u00f6r und der F\u00e4higkeit, jede Melodie, die er einmal geh\u00f6rt hat, nachzuspielen und neu zu interpretieren, schafft er filmische Reisen, die H\u00f6rer:innen in ihre eigene Fantasiewelt eintauchen lassen. <\/p><p style=\"font-weight: 400;\">Liam begann im Alter von vier Jahren mit dem Klavierspielen. Nach f\u00fcnfzehn Jahren klassischer Ausbildung mit Diplomen und Meisterkursen ver\u00f6ffentlichte er 2021 sein Deb\u00fctalbum \u201eConcepts\u201c, gefolgt von \u201eConcepts Noirs\u201c im Jahr 2023. Diese Werke etablierten seinen charakteristischen Ansatz, narrative Kompositionen zu schaffen, die von Naturelementen inspiriert sind und jeweils eine in sich geschlossene, aber miteinander verbundene Geschichte erz\u00e4hlen, die sich durch sorgf\u00e4ltig ausgearbeitete Motive entwickelt, die sich im Laufe des St\u00fccks weiterentwickeln.  <\/p><p style=\"font-weight: 400;\">Seine regelm\u00e4\u00dfig ausverkauften Konzerte werden f\u00fcr ihre einzigartige Immersivit\u00e4t gelobt. Kritiker beschreiben seine Auftritte als \u201emagische N\u00e4chte am Klavier\u201c, in denen das Publikum \u201eFilme im Kopf sieht, die sie noch nie gesehen haben\u201c. Was Liams Auftritte auszeichnet, ist seine F\u00e4higkeit, traditionelle Grenzen zwischen Publikum, K\u00fcnstler, und Genres zu \u00fcberwinden \u2013 sein intuitiver Ansatz spricht sowohl erfahrene Klassik- und Jazzh\u00f6rer an als auch Menschen ohne musikalischen Hintergrund. Seine zweist\u00fcndiges Programm verbindet nahtlos Eigenkompositionen mit spontan neu interpretierten Melodien aus Film und Pop und schafft so ein zug\u00e4ngliches. anspruchsvolles und abwechslungsreiches Musikerlebnis.   <\/p><p style=\"font-weight: 400;\">Liam spielt niemals zweimal dasselbe Konzert, sondern gestaltet jede Auff\u00fchrung als einzigartiges Erlebnis, das auf die Energie des Abends reagiert. Diese einzigartige Kombination aus technischer Virtuosit\u00e4t, emotionaler Intelligenz und k\u00fcnstlerischer Spontaneit\u00e4t bietet Veranstaltungsorten etwas wirklich Besonderes \u2013 einen Abend, der ber\u00fchrt und bleibt. <\/p><p style=\"font-weight: 400;\">Derzeit erweitert Liam sein Kompositionsrepertoire f\u00fcr Orchester und verfeinert gleichzeitig seine Produktionsabl\u00e4ufe, um sein gro\u00dfes Ziel zu verwirklichen. Ob er nun auf einem Fl\u00fcgel spielt oder f\u00fcr ein volles Orchester komponiert, seine Mission bleibt unver\u00e4ndert: musikalische Erlebnisse zu schaffen, die die Zuh\u00f6rer auf unbeschwerte Weise mit ihrem Innersten verbinden und sie zu ihren eigenen inneren filmischen Reisen inspirieren. <\/p>\t\t\t\t\t\t\t\t<\/div>\n\t\t\t\t<\/div>\n\t\t\t\t<div class=\"elementor-element elementor-element-29d4ec8 link download-link elementor-widget elementor-widget-heading\" data-id=\"29d4ec8\" data-element_type=\"widget\" data-widget_type=\"heading.default\">\n\t\t\t\t\t<span class=\"elementor-heading-title elementor-size-default\"><a href=\"https:\/\/liamehm.com\/files\/downloads\/epk_liam_ehm.zip\" download=\"EPK_Liam_Ehm\">Pressekit herunterladen<\/a><\/span>\t\t\t\t<\/div>\n\t\t\t\t\t<\/div>\n\t\t\t\t<\/section>\n\t\t<div class=\"elementor-element elementor-element-2feee95 e-con-full e-flex e-con e-child\" data-id=\"2feee95\" data-element_type=\"container\">\n\t\t\t\t<div class=\"elementor-element elementor-element-0f960ba elementor-widget elementor-widget-gallery\" data-id=\"0f960ba\" data-element_type=\"widget\" data-settings=\"{&quot;gallery_layout&quot;:&quot;masonry&quot;,&quot;columns&quot;:2,&quot;overlay_title&quot;:&quot;alt&quot;,&quot;overlay_description&quot;:&quot;caption&quot;,&quot;columns_tablet&quot;:2,&quot;columns_mobile&quot;:1,&quot;gap&quot;:{&quot;unit&quot;:&quot;px&quot;,&quot;size&quot;:10,&quot;sizes&quot;:[]},&quot;gap_tablet&quot;:{&quot;unit&quot;:&quot;px&quot;,&quot;size&quot;:10,&quot;sizes&quot;:[]},&quot;gap_mobile_extra&quot;:{&quot;unit&quot;:&quot;px&quot;,&quot;size&quot;:10,&quot;sizes&quot;:[]},&quot;gap_mobile&quot;:{&quot;unit&quot;:&quot;px&quot;,&quot;size&quot;:10,&quot;sizes&quot;:[]},&quot;link_to&quot;:&quot;file&quot;,&quot;overlay_background&quot;:&quot;yes&quot;,&quot;content_hover_animation&quot;:&quot;fade-in&quot;}\" data-widget_type=\"gallery.default\">\n\t\t\t\t\t\t\t<div class=\"elementor-gallery__container\">\n\t\t\t\t\t\t\t<a class=\"e-gallery-item elementor-gallery-item elementor-animated-content\" href=\"https:\/\/liamehm.com\/files\/images\/liam_ehm_portrait.webp\" data-elementor-open-lightbox=\"yes\" data-elementor-lightbox-slideshow=\"0f960ba\" data-elementor-lightbox-title=\"Liam Ehm - K\u00fcnstlerportrait\" data-e-action-hash=\"#elementor-action%3Aaction%3Dlightbox%26settings%3DeyJpZCI6Mzc5NCwidXJsIjoiaHR0cHM6XC9cL2xpYW1laG0uY29tXC9maWxlc1wvaW1hZ2VzXC9saWFtX2VobV9wb3J0cmFpdC53ZWJwIiwic2xpZGVzaG93IjoiMGY5NjBiYSJ9\">\n\t\t\t\t\t<div class=\"e-gallery-image elementor-gallery-item__image\" data-thumbnail=\"https:\/\/liamehm.com\/files\/images\/liam_ehm_portrait-683x1024.webp\" data-width=\"683\" data-height=\"1024\" aria-label=\"Liam Ehm - K\u00fcnstlerportrait\" role=\"img\" ><\/div>\n\t\t\t\t\t\t\t\t\t\t\t<div class=\"elementor-gallery-item__overlay\"><\/div>\n\t\t\t\t\t\t\t\t\t\t\t\t\t\t\t<div class=\"elementor-gallery-item__content\">\n\t\t\t\t\t\t\t\t\t\t\t\t\t\t<div class=\"elementor-gallery-item__title\">\n\t\t\t\t\t\t\t\t\t\t\t\t\t\t\t\t\t\tLiam Ehm - K\u00fcnstlerportrait\t\t\t\t\t\t\t\t<\/div>\n\t\t\t\t\t\t\t\t\t\t\t\t<\/div>\n\t\t\t\t\t\t\t\t\t<\/a>\n\t\t\t\t\t\t\t<a class=\"e-gallery-item elementor-gallery-item elementor-animated-content\" href=\"https:\/\/liamehm.com\/files\/images\/liam_ehm_mood.webp\" data-elementor-open-lightbox=\"yes\" data-elementor-lightbox-slideshow=\"0f960ba\" data-elementor-lightbox-title=\"Liam Ehm - Live in K\u00f6ln\" data-e-action-hash=\"#elementor-action%3Aaction%3Dlightbox%26settings%3DeyJpZCI6Mzc5NSwidXJsIjoiaHR0cHM6XC9cL2xpYW1laG0uY29tXC9maWxlc1wvaW1hZ2VzXC9saWFtX2VobV9tb29kLndlYnAiLCJzbGlkZXNob3ciOiIwZjk2MGJhIn0%3D\">\n\t\t\t\t\t<div class=\"e-gallery-image elementor-gallery-item__image\" data-thumbnail=\"https:\/\/liamehm.com\/files\/images\/liam_ehm_mood-1024x683.webp\" data-width=\"800\" data-height=\"534\" aria-label=\"Liam Ehm - Live in K\u00f6ln\" role=\"img\" ><\/div>\n\t\t\t\t\t\t\t\t\t\t\t<div class=\"elementor-gallery-item__overlay\"><\/div>\n\t\t\t\t\t\t\t\t\t\t\t\t\t\t\t<div class=\"elementor-gallery-item__content\">\n\t\t\t\t\t\t\t\t\t\t\t\t\t\t<div class=\"elementor-gallery-item__title\">\n\t\t\t\t\t\t\t\t\t\t\t\t\t\t\t\t\t\tLiam Ehm - Live in K\u00f6ln\t\t\t\t\t\t\t\t<\/div>\n\t\t\t\t\t\t\t\t\t\t\t\t<\/div>\n\t\t\t\t\t\t\t\t\t<\/a>\n\t\t\t\t\t\t\t<a class=\"e-gallery-item elementor-gallery-item elementor-animated-content\" href=\"https:\/\/liamehm.com\/files\/images\/liam_ehm_live_3.jpg\" data-elementor-open-lightbox=\"yes\" data-elementor-lightbox-slideshow=\"0f960ba\" data-elementor-lightbox-title=\"Liam Ehm - Live in Eisenach\" data-e-action-hash=\"#elementor-action%3Aaction%3Dlightbox%26settings%3DeyJpZCI6Mzc5NiwidXJsIjoiaHR0cHM6XC9cL2xpYW1laG0uY29tXC9maWxlc1wvaW1hZ2VzXC9saWFtX2VobV9saXZlXzMuanBnIiwic2xpZGVzaG93IjoiMGY5NjBiYSJ9\">\n\t\t\t\t\t<div class=\"e-gallery-image elementor-gallery-item__image\" data-thumbnail=\"https:\/\/liamehm.com\/files\/images\/liam_ehm_live_3-683x1024.jpg\" data-width=\"683\" data-height=\"1024\" aria-label=\"Liam Ehm - Live in Eisenach\" role=\"img\" ><\/div>\n\t\t\t\t\t\t\t\t\t\t\t<div class=\"elementor-gallery-item__overlay\"><\/div>\n\t\t\t\t\t\t\t\t\t\t\t\t\t\t\t<div class=\"elementor-gallery-item__content\">\n\t\t\t\t\t\t\t\t\t\t\t\t\t\t<div class=\"elementor-gallery-item__title\">\n\t\t\t\t\t\t\t\t\t\t\t\t\t\t\t\t\t\tLiam Ehm - Live in Eisenach\t\t\t\t\t\t\t\t<\/div>\n\t\t\t\t\t\t\t\t\t\t\t\t<\/div>\n\t\t\t\t\t\t\t\t\t<\/a>\n\t\t\t\t\t\t\t<a class=\"e-gallery-item elementor-gallery-item elementor-animated-content\" href=\"https:\/\/liamehm.com\/files\/images\/liam_ehm_classical.webp\" data-elementor-open-lightbox=\"yes\" data-elementor-lightbox-slideshow=\"0f960ba\" data-elementor-lightbox-title=\"Liam Ehm - Live in M\u00fcnster\" data-e-action-hash=\"#elementor-action%3Aaction%3Dlightbox%26settings%3DeyJpZCI6Mzc5NywidXJsIjoiaHR0cHM6XC9cL2xpYW1laG0uY29tXC9maWxlc1wvaW1hZ2VzXC9saWFtX2VobV9jbGFzc2ljYWwud2VicCIsInNsaWRlc2hvdyI6IjBmOTYwYmEifQ%3D%3D\">\n\t\t\t\t\t<div class=\"e-gallery-image elementor-gallery-item__image\" data-thumbnail=\"https:\/\/liamehm.com\/files\/images\/liam_ehm_classical-1024x683.webp\" data-width=\"800\" data-height=\"534\" aria-label=\"Liam Ehm - Live in M\u00fcnster\" role=\"img\" ><\/div>\n\t\t\t\t\t\t\t\t\t\t\t<div class=\"elementor-gallery-item__overlay\"><\/div>\n\t\t\t\t\t\t\t\t\t\t\t\t\t\t\t<div class=\"elementor-gallery-item__content\">\n\t\t\t\t\t\t\t\t\t\t\t\t\t\t<div class=\"elementor-gallery-item__title\">\n\t\t\t\t\t\t\t\t\t\t\t\t\t\t\t\t\t\tLiam Ehm - Live in M\u00fcnster\t\t\t\t\t\t\t\t<\/div>\n\t\t\t\t\t\t\t\t\t\t\t\t<\/div>\n\t\t\t\t\t\t\t\t\t<\/a>\n\t\t\t\t\t\t\t<a class=\"e-gallery-item elementor-gallery-item elementor-animated-content\" href=\"https:\/\/liamehm.com\/files\/images\/liam_ehm_live_2.webp\" data-elementor-open-lightbox=\"yes\" data-elementor-lightbox-slideshow=\"0f960ba\" data-elementor-lightbox-title=\"Liam Ehm - Live in Eisenach\" data-e-action-hash=\"#elementor-action%3Aaction%3Dlightbox%26settings%3DeyJpZCI6Mzc5OCwidXJsIjoiaHR0cHM6XC9cL2xpYW1laG0uY29tXC9maWxlc1wvaW1hZ2VzXC9saWFtX2VobV9saXZlXzIud2VicCIsInNsaWRlc2hvdyI6IjBmOTYwYmEifQ%3D%3D\">\n\t\t\t\t\t<div class=\"e-gallery-image elementor-gallery-item__image\" data-thumbnail=\"https:\/\/liamehm.com\/files\/images\/liam_ehm_live_2-683x1024.webp\" data-width=\"683\" data-height=\"1024\" aria-label=\"Liam Ehm - Live in Eisenach\" role=\"img\" ><\/div>\n\t\t\t\t\t\t\t\t\t\t\t<div class=\"elementor-gallery-item__overlay\"><\/div>\n\t\t\t\t\t\t\t\t\t\t\t\t\t\t\t<div class=\"elementor-gallery-item__content\">\n\t\t\t\t\t\t\t\t\t\t\t\t\t\t<div class=\"elementor-gallery-item__title\">\n\t\t\t\t\t\t\t\t\t\t\t\t\t\t\t\t\t\tLiam Ehm - Live in Eisenach\t\t\t\t\t\t\t\t<\/div>\n\t\t\t\t\t\t\t\t\t\t\t\t<\/div>\n\t\t\t\t\t\t\t\t\t<\/a>\n\t\t\t\t\t\t\t<a class=\"e-gallery-item elementor-gallery-item elementor-animated-content\" href=\"https:\/\/liamehm.com\/files\/images\/liam_ehm_studio.jpg\" data-elementor-open-lightbox=\"yes\" data-elementor-lightbox-slideshow=\"0f960ba\" data-elementor-lightbox-title=\"Liam Ehm - Hansastudios Berlin\" data-e-action-hash=\"#elementor-action%3Aaction%3Dlightbox%26settings%3DeyJpZCI6Mzc5OSwidXJsIjoiaHR0cHM6XC9cL2xpYW1laG0uY29tXC9maWxlc1wvaW1hZ2VzXC9saWFtX2VobV9zdHVkaW8uanBnIiwic2xpZGVzaG93IjoiMGY5NjBiYSJ9\">\n\t\t\t\t\t<div class=\"e-gallery-image elementor-gallery-item__image\" data-thumbnail=\"https:\/\/liamehm.com\/files\/images\/liam_ehm_studio-1024x683.jpg\" data-width=\"800\" data-height=\"534\" aria-label=\"Liam Ehm - Hansastudios Berlin\" role=\"img\" ><\/div>\n\t\t\t\t\t\t\t\t\t\t\t<div class=\"elementor-gallery-item__overlay\"><\/div>\n\t\t\t\t\t\t\t\t\t\t\t\t\t\t\t<div class=\"elementor-gallery-item__content\">\n\t\t\t\t\t\t\t\t\t\t\t\t\t\t<div class=\"elementor-gallery-item__title\">\n\t\t\t\t\t\t\t\t\t\t\t\t\t\t\t\t\t\tLiam Ehm - Hansastudios Berlin\t\t\t\t\t\t\t\t<\/div>\n\t\t\t\t\t\t\t\t\t\t\t\t<\/div>\n\t\t\t\t\t\t\t\t\t<\/a>\n\t\t\t\t\t\t\t<a class=\"e-gallery-item elementor-gallery-item elementor-animated-content\" href=\"https:\/\/liamehm.com\/files\/images\/liam_ehm_live.webp\" data-elementor-open-lightbox=\"yes\" data-elementor-lightbox-slideshow=\"0f960ba\" data-elementor-lightbox-title=\"Liam Ehm - Live in Eisenach\" data-e-action-hash=\"#elementor-action%3Aaction%3Dlightbox%26settings%3DeyJpZCI6Mzc5MywidXJsIjoiaHR0cHM6XC9cL2xpYW1laG0uY29tXC9maWxlc1wvaW1hZ2VzXC9saWFtX2VobV9saXZlLndlYnAiLCJzbGlkZXNob3ciOiIwZjk2MGJhIn0%3D\">\n\t\t\t\t\t<div class=\"e-gallery-image elementor-gallery-item__image\" data-thumbnail=\"https:\/\/liamehm.com\/files\/images\/liam_ehm_live-728x1024.webp\" data-width=\"728\" data-height=\"1024\" aria-label=\"Liam Ehm - Live in Eisenach\" role=\"img\" ><\/div>\n\t\t\t\t\t\t\t\t\t\t\t<div class=\"elementor-gallery-item__overlay\"><\/div>\n\t\t\t\t\t\t\t\t\t\t\t\t\t\t\t<div class=\"elementor-gallery-item__content\">\n\t\t\t\t\t\t\t\t\t\t\t\t\t\t<div class=\"elementor-gallery-item__title\">\n\t\t\t\t\t\t\t\t\t\t\t\t\t\t\t\t\t\tLiam Ehm - Live in Eisenach\t\t\t\t\t\t\t\t<\/div>\n\t\t\t\t\t\t\t\t\t\t\t\t<\/div>\n\t\t\t\t\t\t\t\t\t<\/a>\n\t\t\t\t\t\t\t<a class=\"e-gallery-item elementor-gallery-item elementor-animated-content\" href=\"https:\/\/liamehm.com\/files\/images\/liam_ehm_studio_2.jpg\" data-elementor-open-lightbox=\"yes\" data-elementor-lightbox-slideshow=\"0f960ba\" data-elementor-lightbox-title=\"Liam Ehm - Hansastudios Berlin\" data-e-action-hash=\"#elementor-action%3Aaction%3Dlightbox%26settings%3DeyJpZCI6MzgwMCwidXJsIjoiaHR0cHM6XC9cL2xpYW1laG0uY29tXC9maWxlc1wvaW1hZ2VzXC9saWFtX2VobV9zdHVkaW9fMi5qcGciLCJzbGlkZXNob3ciOiIwZjk2MGJhIn0%3D\">\n\t\t\t\t\t<div class=\"e-gallery-image elementor-gallery-item__image\" data-thumbnail=\"https:\/\/liamehm.com\/files\/images\/liam_ehm_studio_2-1024x683.jpg\" data-width=\"800\" data-height=\"534\" aria-label=\"Liam Ehm - Hansastudios Berlin\" role=\"img\" ><\/div>\n\t\t\t\t\t\t\t\t\t\t\t<div class=\"elementor-gallery-item__overlay\"><\/div>\n\t\t\t\t\t\t\t\t\t\t\t\t\t\t\t<div class=\"elementor-gallery-item__content\">\n\t\t\t\t\t\t\t\t\t\t\t\t\t\t<div class=\"elementor-gallery-item__title\">\n\t\t\t\t\t\t\t\t\t\t\t\t\t\t\t\t\t\tLiam Ehm - Hansastudios Berlin\t\t\t\t\t\t\t\t<\/div>\n\t\t\t\t\t\t\t\t\t\t\t\t<\/div>\n\t\t\t\t\t\t\t\t\t<\/a>\n\t\t\t\t\t<\/div>\n\t\t\t\t\t<\/div>\n\t\t\t\t<\/div>\n\t\t\t\t\t<\/div>\n\t\t\t\t<\/main>\n\t\t\t\t<\/div>\n\t\t","protected":false},"excerpt":{"rendered":"<p>https:\/\/www.youtube.com\/watch?v=vsjTVVE8WkU \u00dcber Liam Cinematic Grandeur meets Piano Intimacy. Liam Ehm is an acclaimed pianist and composer who seamlessly blends the grandeur of orchestral film music with intimate solo piano experiences. With perfect pitch and the ability to play and reimagine by ear any melody he heard just once, he crafts cinematic journeys that immerse audiences [&hellip;]<\/p>\n","protected":false},"author":1,"featured_media":0,"parent":0,"menu_order":1,"comment_status":"closed","ping_status":"closed","template":"","meta":{"iawp_total_views":479,"footnotes":""},"class_list":["post-3791","page","type-page","status-publish","hentry"],"_links":{"self":[{"href":"https:\/\/liamehm.com\/de\/wp-json\/wp\/v2\/pages\/3791","targetHints":{"allow":["GET"]}}],"collection":[{"href":"https:\/\/liamehm.com\/de\/wp-json\/wp\/v2\/pages"}],"about":[{"href":"https:\/\/liamehm.com\/de\/wp-json\/wp\/v2\/types\/page"}],"author":[{"embeddable":true,"href":"https:\/\/liamehm.com\/de\/wp-json\/wp\/v2\/users\/1"}],"replies":[{"embeddable":true,"href":"https:\/\/liamehm.com\/de\/wp-json\/wp\/v2\/comments?post=3791"}],"version-history":[{"count":0,"href":"https:\/\/liamehm.com\/de\/wp-json\/wp\/v2\/pages\/3791\/revisions"}],"wp:attachment":[{"href":"https:\/\/liamehm.com\/de\/wp-json\/wp\/v2\/media?parent=3791"}],"curies":[{"name":"wp","href":"https:\/\/api.w.org\/{rel}","templated":true}]}}